{"id":194,"date":"2020-12-20T17:44:03","date_gmt":"2020-12-20T16:44:03","guid":{"rendered":"http:\/\/klaudy.coolmarketing.cz\/subdom\/klaudy\/?page_id=194"},"modified":"2023-10-04T07:46:19","modified_gmt":"2023-10-04T05:46:19","slug":"reseni-krizovych-situaci","status":"publish","type":"page","link":"https:\/\/klaudy.cz\/de\/reseni-krizovych-situaci\/","title":{"rendered":"L\u00f6sung von Krisensituationen und Streitigkeiten"},"content":{"rendered":"<div data-elementor-type=\"wp-page\" data-elementor-id=\"194\" class=\"elementor elementor-194\">\n\t\t\t\t\t\t\t\t\t<section class=\"has_ae_slider elementor-section elementor-top-section elementor-element elementor-element-5572bc6 elementor-section-boxed elementor-section-height-default elementor-section-height-default ae-bg-gallery-type-default\" data-id=\"5572bc6\" data-element_type=\"section\">\n\t\t\t\t\t\t<div class=\"elementor-container elementor-column-gap-default\">\n\t\t\t\t\t<div class=\"has_ae_slider elementor-column elementor-col-100 elementor-top-column elementor-element elementor-element-f4d96df ae-bg-gallery-type-default\" data-id=\"f4d96df\" data-element_type=\"column\">\n\t\t\t<div class=\"elementor-widget-wrap elementor-element-populated\">\n\t\t\t\t\t\t\t\t<div class=\"elementor-element elementor-element-fcd1842 elementor-widget elementor-widget-spacer\" data-id=\"fcd1842\" data-element_type=\"widget\" data-widget_type=\"spacer.default\">\n\t\t\t\t<div class=\"elementor-widget-container\">\n\t\t\t<style>\/*! elementor - v3.18.0 - 20-12-2023 *\/\n.elementor-column .elementor-spacer-inner{height:var(--spacer-size)}.e-con{--container-widget-width:100%}.e-con-inner>.elementor-widget-spacer,.e-con>.elementor-widget-spacer{width:var(--container-widget-width,var(--spacer-size));--align-self:var(--container-widget-align-self,initial);--flex-shrink:0}.e-con-inner>.elementor-widget-spacer>.elementor-widget-container,.e-con>.elementor-widget-spacer>.elementor-widget-container{height:100%;width:100%}.e-con-inner>.elementor-widget-spacer>.elementor-widget-container>.elementor-spacer,.e-con>.elementor-widget-spacer>.elementor-widget-container>.elementor-spacer{height:100%}.e-con-inner>.elementor-widget-spacer>.elementor-widget-container>.elementor-spacer>.elementor-spacer-inner,.e-con>.elementor-widget-spacer>.elementor-widget-container>.elementor-spacer>.elementor-spacer-inner{height:var(--container-widget-height,var(--spacer-size))}.e-con-inner>.elementor-widget-spacer.elementor-widget-empty,.e-con>.elementor-widget-spacer.elementor-widget-empty{position:relative;min-height:22px;min-width:22px}.e-con-inner>.elementor-widget-spacer.elementor-widget-empty .elementor-widget-empty-icon,.e-con>.elementor-widget-spacer.elementor-widget-empty .elementor-widget-empty-icon{position:absolute;top:0;bottom:0;left:0;right:0;margin:auto;padding:0;width:22px;height:22px}<\/style>\t\t<div class=\"elementor-spacer\">\n\t\t\t<div class=\"elementor-spacer-inner\"><\/div>\n\t\t<\/div>\n\t\t\t\t<\/div>\n\t\t\t\t<\/div>\n\t\t\t\t<div class=\"elementor-element elementor-element-fe9506e elementor-widget elementor-widget-heading\" data-id=\"fe9506e\" data-element_type=\"widget\" data-widget_type=\"heading.default\">\n\t\t\t\t<div class=\"elementor-widget-container\">\n\t\t\t<style>\/*! elementor - v3.18.0 - 20-12-2023 *\/\n.elementor-heading-title{padding:0;margin:0;line-height:1}.elementor-widget-heading .elementor-heading-title[class*=elementor-size-]>a{color:inherit;font-size:inherit;line-height:inherit}.elementor-widget-heading .elementor-heading-title.elementor-size-small{font-size:15px}.elementor-widget-heading .elementor-heading-title.elementor-size-medium{font-size:19px}.elementor-widget-heading .elementor-heading-title.elementor-size-large{font-size:29px}.elementor-widget-heading .elementor-heading-title.elementor-size-xl{font-size:39px}.elementor-widget-heading .elementor-heading-title.elementor-size-xxl{font-size:59px}<\/style><h2 class=\"elementor-heading-title elementor-size-default\">\u0158E\u0160EN\u00cd KRIZOV\u00ddCH SITUAC\u00cd<\/h2>\t\t<\/div>\n\t\t\t\t<\/div>\n\t\t\t\t<div class=\"elementor-element elementor-element-499e7ec elementor-widget elementor-widget-text-editor\" data-id=\"499e7ec\" data-element_type=\"widget\" data-widget_type=\"text-editor.default\">\n\t\t\t\t<div class=\"elementor-widget-container\">\n\t\t\t<style>\/*! elementor - v3.18.0 - 20-12-2023 *\/\n.elementor-widget-text-editor.elementor-drop-cap-view-stacked .elementor-drop-cap{background-color:#69727d;color:#fff}.elementor-widget-text-editor.elementor-drop-cap-view-framed .elementor-drop-cap{color:#69727d;border:3px solid;background-color:transparent}.elementor-widget-text-editor:not(.elementor-drop-cap-view-default) .elementor-drop-cap{margin-top:8px}.elementor-widget-text-editor:not(.elementor-drop-cap-view-default) .elementor-drop-cap-letter{width:1em;height:1em}.elementor-widget-text-editor .elementor-drop-cap{float:left;text-align:center;line-height:1;font-size:50px}.elementor-widget-text-editor .elementor-drop-cap-letter{display:inline-block}<\/style>\t\t\t\t<p><span style=\"font-weight: 400;\">Die L\u00f6sung von Krisen, Konflikten und Streitigkeiten steht im Mittelpunkt unserer Arbeit und ist gleichzeitig unsere Mission. Ausgehend von der Position von Insolvenzverwaltern, Krisenmanagern oder Vertretern bei Streitigkeiten mit anderen Unternehmern oder mit dem Staat versuchen wir immer, nach M\u00f6glichkeit eine einvernehmliche L\u00f6sung zu finden und umzusetzen, da dies unserer Erfahrung nach zur Minimierung von Sch\u00e4den f\u00fchrt. Mediation und alternative Streitbeilegung (ADR) sind ein neuer Bereich unserer T\u00e4tigkeit, der nahtlos auf unseren bisherigen T\u00e4tigkeiten aufbaut. Bei Bedarf bieten wir jedoch gerne Streitbeilegung auch dort an, wo keine Einigung erzielt werden konnte, einschlie\u00dflich der Verwaltung rechtlicher Vertretung w\u00e4hrend des Gerichtsverfahrens. Im Krisenmanagement bevorzugen wir kreative L\u00f6sungen f\u00fcr individuelle Probleme, die auf unserer langj\u00e4hrigen Erfahrung, der multidisziplin\u00e4ren Ausrichtung unserer Mitarbeiter, dem tiefen Problemwissen und dem ethischen Ansatz beruhen.<\/span><\/p>\t\t\t\t\t\t<\/div>\n\t\t\t\t<\/div>\n\t\t\t\t<div class=\"elementor-element elementor-element-60ddb72 elementor-widget elementor-widget-spacer\" data-id=\"60ddb72\" data-element_type=\"widget\" data-widget_type=\"spacer.default\">\n\t\t\t\t<div class=\"elementor-widget-container\">\n\t\t\t\t\t<div class=\"elementor-spacer\">\n\t\t\t<div class=\"elementor-spacer-inner\"><\/div>\n\t\t<\/div>\n\t\t\t\t<\/div>\n\t\t\t\t<\/div>\n\t\t\t\t\t<\/div>\n\t\t<\/div>\n\t\t\t\t\t\t\t<\/div>\n\t\t<\/section>\n\t\t\t\t\t\t\t<\/div>","protected":false},"excerpt":{"rendered":"<p>\u0158E\u0160EN\u00cd KRIZOV\u00ddCH SITUAC\u00cd \u0158e\u0161en\u00ed kriz\u00ed, konflikt\u016f a spor\u016f je hlavn\u00ed n\u00e1pln\u00ed na\u0161\u00ed pr\u00e1ce a sou\u010dasn\u011b na\u0161\u00edm posl\u00e1n\u00edm. Z pozice insolven\u010dn\u00edch spr\u00e1vc\u016f, krizov\u00fdch mana\u017eer\u016f \u010di z\u00e1stupc\u016f ve sporech s jin\u00fdmi podnikateli \u010di se st\u00e1tem se v\u017edy sna\u017e\u00edme nal\u00e9zt a implementovat, pokud mo\u017eno konsensu\u00e1ln\u00ed \u0159e\u0161en\u00ed, nebo\u0165 to dle na\u0161ich zku\u0161enost\u00ed vede k minimalizaci \u0161kod. Novou oblast\u00ed na\u0161eho [&hellip;]<\/p>","protected":false},"author":5,"featured_media":0,"parent":0,"menu_order":0,"comment_status":"closed","ping_status":"closed","template":"","meta":{"footnotes":""},"acf":[],"_links":{"self":[{"href":"https:\/\/klaudy.cz\/de\/wp-json\/wp\/v2\/pages\/194"}],"collection":[{"href":"https:\/\/klaudy.cz\/de\/wp-json\/wp\/v2\/pages"}],"about":[{"href":"https:\/\/klaudy.cz\/de\/wp-json\/wp\/v2\/types\/page"}],"author":[{"embeddable":true,"href":"https:\/\/klaudy.cz\/de\/wp-json\/wp\/v2\/users\/5"}],"replies":[{"embeddable":true,"href":"https:\/\/klaudy.cz\/de\/wp-json\/wp\/v2\/comments?post=194"}],"version-history":[{"count":6,"href":"https:\/\/klaudy.cz\/de\/wp-json\/wp\/v2\/pages\/194\/revisions"}],"predecessor-version":[{"id":962,"href":"https:\/\/klaudy.cz\/de\/wp-json\/wp\/v2\/pages\/194\/revisions\/962"}],"wp:attachment":[{"href":"https:\/\/klaudy.cz\/de\/wp-json\/wp\/v2\/media?parent=194"}],"curies":[{"name":"wp","href":"https:\/\/api.w.org\/{rel}","templated":true}]}}