{"id":3,"date":"2020-12-02T10:38:56","date_gmt":"2020-12-02T09:38:56","guid":{"rendered":"http:\/\/klaudy.coolmarketing.cz\/subdom\/klaudy\/?page_id=3"},"modified":"2021-01-21T10:19:29","modified_gmt":"2021-01-21T09:19:29","slug":"ochrana-osobnich-udaju","status":"publish","type":"page","link":"https:\/\/klaudy.cz\/de\/ochrana-osobnich-udaju\/","title":{"rendered":"Allgemeine Datenschutz-Bestimmungen:"},"content":{"rendered":"<h1 class=\"wp-block-heading\">INFORMATIONEN ZUR VERARBEITUNG PERSONENBEZOGENER DATEN<\/h1>\r\n<div class=\"the_content\">\r\n<p>Sehr geehrte Website-Besucher,<\/p>\r\n<p>gem\u00e4\u00df Artikel 13 der Verordnung 2016\/679 des Europ\u00e4ischen Parlaments und des Rates (EU) vom 27. April 2016 \u00fcber den Schutz von nat\u00fcrlichen Personen bei der Verarbeitung personenbezogener Daten sowie \u00fcber den freien Datenverkehr und die Aufhebung der Richtlinie 95\/46\/EG (im Folgenden nur als \"DSGVO\" bezeichnet) m\u00f6chten wir Sie dar\u00fcber informieren, dass die Firma <strong>Ale\u0161 Klaudy, mit Sitz in Masarykovo n\u00e1m. 191\/18, D\u011b\u010d\u00edn 1, 405 01 <\/strong>(im Folgenden als \u201eUnternehmen\u201c bezeichnet) personenbezogene Daten im Zusammenhang mit dem Betrieb der Website neplatnyvyhazov.cz verarbeitet und daher f\u00fcr die Verarbeitung personenbezogener Daten im Sinne der DSGVO verantwortlich ist.<\/p>\r\n<p>Sie k\u00f6nnen den Verantwortlichen per Post am eingetragenen Sitz, pers\u00f6nlich, telefonisch unter +420 412 588 999 oder per E-Mail unter info@klaudy.com kontaktieren.<\/p>\r\n<h2>Zu welchem \u200b\u200bZweck verarbeiten wir personenbezogene Daten?<\/h2>\r\n<p>Die Verarbeitung personenbezogener Daten ist ein wesentlicher Bestandteil des Gesch\u00e4fts fast jeder juristischen Person, sei es aufgrund gesetzlicher Verpflichtungen oder zum Zweck der Erbringung von Dienstleistungen. Das Unternehmen verarbeitet personenbezogene Daten zu folgenden Zwecken:<\/p>\r\n<ul>\r\n<li>F\u00fchrung einer Personalagenda<\/li>\r\n<li>Buchhaltung<\/li>\r\n<li>Ermittlung der Kundenzufriedenheit,<\/li>\r\n<li>Erbringung von Dienstleistungen<\/li>\r\n<li>Website-Betrieb, einschlie\u00dflich Kontaktformular, ZENDESK CHAT-Chat-Plugin, Google Analytics-und Facebook Pixel-Analysetools<\/li>\r\n<li>Direktmarketing<\/li>\r\n<\/ul>\r\n<h2>Auf welcher Grundlage ist das Unternehmen berechtigt, personenbezogene Daten zu verarbeiten?<\/h2>\r\n<p>Das Unternehmen verarbeitet personenbezogene Daten aus folgenden Gr\u00fcnden:<\/p>\r\n<ul>\r\n<li>Erf\u00fcllung gesetzlicher Verpflichtungen (Personalwesen, Ausf\u00fchrung von Pflichtberichten, Rechnungslegung),<\/li>\r\n<li>Erf\u00fcllung vertraglicher Verpflichtungen (Reservierungsverwaltung, Benutzerkontenverwaltung, Personalwesen,<\/li>\r\n<li>Schutz des berechtigten Interesses des Verantwortlichen (Ermittlung der Kundenzufriedenheit, Betrieb des Kamerasystems).<\/li>\r\n<\/ul>\r\n<h2>Wie sch\u00fctzt das Unternehmen personenbezogene Daten?<\/h2>\r\n<p>Das Unternehmen stellt sicher, dass der Zugriff auf personenbezogene Daten nur den Mitarbeitern gestattet ist, die diese f\u00fcr ihre Arbeit ben\u00f6tigen, und dass personenbezogene Daten au\u00dferhalb des Unternehmens nicht in die falschen H\u00e4nde geraten. Zu diesem Zweck stehen physische Dokumente immer unter der Aufsicht eines der Mitarbeiter, und der Zugang zu elektronischen Aufzeichnungen unterliegt strengen Sicherheitsma\u00dfnahmen. Schlie\u00dflich stellt das Unternehmen sicher, dass nur die erforderlichen personenbezogenen Daten verarbeitet werden.<\/p>\r\n<h2>Gibt das Unternehmen personenbezogene Daten an andere Verantwortliche weiter?<\/h2>\r\n<p>Das Unternehmen ist bestrebt, die \u00dcbermittlung personenbezogener Daten an andere Verantwortliche so gering wie m\u00f6glich zu halten. Um seinen gesetzlichen Verpflichtungen nachzukommen, muss es jedoch einige personenbezogene Daten an staatliche Verwaltungsbeh\u00f6rden weitergeben.<\/p>\r\n<h2>Gibt es eine \u00dcbermittlung personenbezogener Daten an L\u00e4nder au\u00dferhalb der Europ\u00e4ischen Union?<\/h2>\r\n<p>Nein, das Unternehmen \u00fcbertr\u00e4gt keine personenbezogenen Daten an Drittl\u00e4nder.<\/p>\r\n<h2>Welche Rechte haben Sie, wenn das Unternehmen Ihre personenbezogenen Daten verarbeitet?<\/h2>\r\n<p>Sie k\u00f6nnen jederzeit eine Kopie aller personenbezogenen Daten anfordern, die das Unternehmen \u00fcber Sie verarbeitet. Wenn Sie feststellen, dass Ihre personenbezogenen Daten, die das Unternehmen verarbeitet, nicht korrekt sind, k\u00f6nnen Sie eine Korrektur anfordern. Wenn Sie der Meinung sind, dass das Unternehmen Ihre personenbezogenen Daten nicht mehr verarbeiten sollte, k\u00f6nnen Sie die L\u00f6schung Ihrer personenbezogenen Daten beantragen. Bei personenbezogenen Daten, die aufgrund des berechtigten Interesses des f\u00fcr die Verarbeitung Verantwortlichen verarbeitet werden, haben Sie das Recht, einem erheblichen rechtlichen Interesse an Nichtverarbeitung personenbezogener Daten nachzukommen. Wenn Sie mit der L\u00f6sung Ihres Antrags auf Aus\u00fcbung von Rechten nicht zufrieden sind, k\u00f6nnen Sie eine Beschwerde beim Amt f\u00fcr den Schutz personenbezogener Daten einreichen.<\/p>\r\n<p>Wir m\u00f6chten betonen, dass f\u00fcr Sie durch die Aus\u00fcbung dieser Rechte kein Risiko seitens des Arbeitgebers besteht. Es liegt in unserem Interesse, personenbezogene Daten legal und ordnungsgem\u00e4\u00df zu verarbeiten und Ihre Rechte nicht zu verletzen. Wenn Sie Zweifel haben, dass es uns gut gelingt, freuen wir uns, wenn Sie uns darauf hinweisen.<\/p>\r\n<p>&nbsp;<\/p>\r\n<p><strong>Ing. Ale\u0161 Klaudy\u00a0<br \/><\/strong><\/p>\r\n<\/div>","protected":false},"excerpt":{"rendered":"<p>INFORMACE O ZPRACOV\u00c1N\u00cd OSOBN\u00cdCH \u00daDAJ\u016e V\u00e1\u017een\u00ed n\u00e1v\u0161t\u011bvn\u00edci webov\u00fdch str\u00e1nek, v souladu s \u010dl\u00e1nkem 13 na\u0159\u00edzen\u00ed Evropsk\u00e9ho parlamentu a Rady (EU) 2016\/679 ze dne 27.4.2016 o ochran\u011b fyzick\u00fdch osob v souvislosti se zpracov\u00e1n\u00edm osobn\u00edch \u00fadaj\u016f a voln\u00e9m pohybu t\u011bchto \u00fadaj\u016f a o zru\u0161en\u00ed sm\u011brnice 95\/46\/ES (toto na\u0159\u00edzen\u00ed bude d\u00e1le ozna\u010dov\u00e1no jen jako \u201eGDPR\u201c) si V\u00e1s dovolujeme [&hellip;]<\/p>","protected":false},"author":5,"featured_media":0,"parent":0,"menu_order":0,"comment_status":"closed","ping_status":"closed","template":"","meta":{"footnotes":""},"acf":[],"_links":{"self":[{"href":"https:\/\/klaudy.cz\/de\/wp-json\/wp\/v2\/pages\/3"}],"collection":[{"href":"https:\/\/klaudy.cz\/de\/wp-json\/wp\/v2\/pages"}],"about":[{"href":"https:\/\/klaudy.cz\/de\/wp-json\/wp\/v2\/types\/page"}],"author":[{"embeddable":true,"href":"https:\/\/klaudy.cz\/de\/wp-json\/wp\/v2\/users\/5"}],"replies":[{"embeddable":true,"href":"https:\/\/klaudy.cz\/de\/wp-json\/wp\/v2\/comments?post=3"}],"version-history":[{"count":4,"href":"https:\/\/klaudy.cz\/de\/wp-json\/wp\/v2\/pages\/3\/revisions"}],"predecessor-version":[{"id":929,"href":"https:\/\/klaudy.cz\/de\/wp-json\/wp\/v2\/pages\/3\/revisions\/929"}],"wp:attachment":[{"href":"https:\/\/klaudy.cz\/de\/wp-json\/wp\/v2\/media?parent=3"}],"curies":[{"name":"wp","href":"https:\/\/api.w.org\/{rel}","templated":true}]}}