{"id":192,"date":"2020-12-20T17:43:42","date_gmt":"2020-12-20T16:43:42","guid":{"rendered":"http:\/\/klaudy.coolmarketing.cz\/subdom\/klaudy\/?page_id=192"},"modified":"2023-10-04T07:46:57","modified_gmt":"2023-10-04T05:46:57","slug":"sverenecke-sluzby","status":"publish","type":"page","link":"https:\/\/klaudy.cz\/en\/sverenecke-sluzby\/","title":{"rendered":"Trust services"},"content":{"rendered":"<div data-elementor-type=\"wp-page\" data-elementor-id=\"192\" class=\"elementor elementor-192\">\n\t\t\t\t\t\t\t\t\t<section class=\"has_ae_slider elementor-section elementor-top-section elementor-element elementor-element-7fb7b49b elementor-section-boxed elementor-section-height-default elementor-section-height-default ae-bg-gallery-type-default\" data-id=\"7fb7b49b\" data-element_type=\"section\">\n\t\t\t\t\t\t<div class=\"elementor-container elementor-column-gap-default\">\n\t\t\t\t\t<div class=\"has_ae_slider elementor-column elementor-col-100 elementor-top-column elementor-element elementor-element-2509ff70 ae-bg-gallery-type-default\" data-id=\"2509ff70\" data-element_type=\"column\">\n\t\t\t<div class=\"elementor-widget-wrap elementor-element-populated\">\n\t\t\t\t\t\t\t\t<div class=\"elementor-element elementor-element-ae0f924 elementor-widget elementor-widget-spacer\" data-id=\"ae0f924\" data-element_type=\"widget\" data-widget_type=\"spacer.default\">\n\t\t\t\t<div class=\"elementor-widget-container\">\n\t\t\t<style>\/*! elementor - v3.18.0 - 20-12-2023 *\/\n.elementor-column .elementor-spacer-inner{height:var(--spacer-size)}.e-con{--container-widget-width:100%}.e-con-inner>.elementor-widget-spacer,.e-con>.elementor-widget-spacer{width:var(--container-widget-width,var(--spacer-size));--align-self:var(--container-widget-align-self,initial);--flex-shrink:0}.e-con-inner>.elementor-widget-spacer>.elementor-widget-container,.e-con>.elementor-widget-spacer>.elementor-widget-container{height:100%;width:100%}.e-con-inner>.elementor-widget-spacer>.elementor-widget-container>.elementor-spacer,.e-con>.elementor-widget-spacer>.elementor-widget-container>.elementor-spacer{height:100%}.e-con-inner>.elementor-widget-spacer>.elementor-widget-container>.elementor-spacer>.elementor-spacer-inner,.e-con>.elementor-widget-spacer>.elementor-widget-container>.elementor-spacer>.elementor-spacer-inner{height:var(--container-widget-height,var(--spacer-size))}.e-con-inner>.elementor-widget-spacer.elementor-widget-empty,.e-con>.elementor-widget-spacer.elementor-widget-empty{position:relative;min-height:22px;min-width:22px}.e-con-inner>.elementor-widget-spacer.elementor-widget-empty .elementor-widget-empty-icon,.e-con>.elementor-widget-spacer.elementor-widget-empty .elementor-widget-empty-icon{position:absolute;top:0;bottom:0;left:0;right:0;margin:auto;padding:0;width:22px;height:22px}<\/style>\t\t<div class=\"elementor-spacer\">\n\t\t\t<div class=\"elementor-spacer-inner\"><\/div>\n\t\t<\/div>\n\t\t\t\t<\/div>\n\t\t\t\t<\/div>\n\t\t\t\t<div class=\"elementor-element elementor-element-0eb2363 elementor-widget elementor-widget-heading\" data-id=\"0eb2363\" data-element_type=\"widget\" data-widget_type=\"heading.default\">\n\t\t\t\t<div class=\"elementor-widget-container\">\n\t\t\t<style>\/*! elementor - v3.18.0 - 20-12-2023 *\/\n.elementor-heading-title{padding:0;margin:0;line-height:1}.elementor-widget-heading .elementor-heading-title[class*=elementor-size-]>a{color:inherit;font-size:inherit;line-height:inherit}.elementor-widget-heading .elementor-heading-title.elementor-size-small{font-size:15px}.elementor-widget-heading .elementor-heading-title.elementor-size-medium{font-size:19px}.elementor-widget-heading .elementor-heading-title.elementor-size-large{font-size:29px}.elementor-widget-heading .elementor-heading-title.elementor-size-xl{font-size:39px}.elementor-widget-heading .elementor-heading-title.elementor-size-xxl{font-size:59px}<\/style><h2 class=\"elementor-heading-title elementor-size-default\">SV\u011a\u0158ENECK\u00c9 SLU\u017dBY<\/h2>\t\t<\/div>\n\t\t\t\t<\/div>\n\t\t\t\t<div class=\"elementor-element elementor-element-275abba6 elementor-widget elementor-widget-text-editor\" data-id=\"275abba6\" data-element_type=\"widget\" data-widget_type=\"text-editor.default\">\n\t\t\t\t<div class=\"elementor-widget-container\">\n\t\t\t<style>\/*! elementor - v3.18.0 - 20-12-2023 *\/\n.elementor-widget-text-editor.elementor-drop-cap-view-stacked .elementor-drop-cap{background-color:#69727d;color:#fff}.elementor-widget-text-editor.elementor-drop-cap-view-framed .elementor-drop-cap{color:#69727d;border:3px solid;background-color:transparent}.elementor-widget-text-editor:not(.elementor-drop-cap-view-default) .elementor-drop-cap{margin-top:8px}.elementor-widget-text-editor:not(.elementor-drop-cap-view-default) .elementor-drop-cap-letter{width:1em;height:1em}.elementor-widget-text-editor .elementor-drop-cap{float:left;text-align:center;line-height:1;font-size:50px}.elementor-widget-text-editor .elementor-drop-cap-letter{display:inline-block}<\/style>\t\t\t\t<span style=\"font-weight: 400;\">These are the so-called fiduciary services, meaning representing owners, whether domestic or foreign. We provide a whole range of services to our clients, from entering markets, company acquisitions and ethically discrete representation of owners, to company liquidation. If necessary, we are ready to represent you as trust fund managers, general representatives, members of executive or supervisory boards of legal persons, proxies, property owners, partners or shareholders of legal persons established both in the Czech Republic and abroad. This cooperation is always based on a high level of trust between us and the client. <\/span><a href=\"https:\/\/klaudy.cz\/en\/2021\/04\/20\/co-jsou-fiduciarni-sluzby\/\">Read more...<\/a>\t\t\t\t\t\t<\/div>\n\t\t\t\t<\/div>\n\t\t\t\t<div class=\"elementor-element elementor-element-5603a90 elementor-widget elementor-widget-spacer\" data-id=\"5603a90\" data-element_type=\"widget\" data-widget_type=\"spacer.default\">\n\t\t\t\t<div class=\"elementor-widget-container\">\n\t\t\t\t\t<div class=\"elementor-spacer\">\n\t\t\t<div class=\"elementor-spacer-inner\"><\/div>\n\t\t<\/div>\n\t\t\t\t<\/div>\n\t\t\t\t<\/div>\n\t\t\t\t\t<\/div>\n\t\t<\/div>\n\t\t\t\t\t\t\t<\/div>\n\t\t<\/section>\n\t\t\t\t\t\t\t<\/div>","protected":false},"excerpt":{"rendered":"<p>SV\u011a\u0158ENECK\u00c9 SLU\u017dBY Jedn\u00e1 se o tzv, fiduci\u00e1rn\u00ed slu\u017eby, co\u017e v praxi znamen\u00e1 zastupov\u00e1n\u00ed vlastn\u00edk\u016f, a\u0165 u\u017e tuzemsk\u00fdch \u010di zahrani\u010dn\u00edch. Pro na\u0161e klienty \u0159e\u0161\u00edme celou \u0161k\u00e1lu slu\u017eeb po\u010d\u00ednaje vstupem na trh, p\u0159es akvizice podnik\u016f, eticky diskr\u00e9tn\u00ed zastupov\u00e1n\u00ed vlastn\u00edk\u016f, ale i likvidace podnik\u016f. Budete-li to pot\u0159ebovat, jsme p\u0159ipraveni zastupovat v\u00e1s jako spr\u00e1vci sv\u011b\u0159ensk\u00e9ho fondu, gener\u00e1ln\u00ed z\u00e1stupci, \u010dlenov\u00e9 [&hellip;]<\/p>","protected":false},"author":5,"featured_media":0,"parent":0,"menu_order":0,"comment_status":"closed","ping_status":"closed","template":"","meta":{"footnotes":""},"acf":[],"_links":{"self":[{"href":"https:\/\/klaudy.cz\/en\/wp-json\/wp\/v2\/pages\/192"}],"collection":[{"href":"https:\/\/klaudy.cz\/en\/wp-json\/wp\/v2\/pages"}],"about":[{"href":"https:\/\/klaudy.cz\/en\/wp-json\/wp\/v2\/types\/page"}],"author":[{"embeddable":true,"href":"https:\/\/klaudy.cz\/en\/wp-json\/wp\/v2\/users\/5"}],"replies":[{"embeddable":true,"href":"https:\/\/klaudy.cz\/en\/wp-json\/wp\/v2\/comments?post=192"}],"version-history":[{"count":16,"href":"https:\/\/klaudy.cz\/en\/wp-json\/wp\/v2\/pages\/192\/revisions"}],"predecessor-version":[{"id":969,"href":"https:\/\/klaudy.cz\/en\/wp-json\/wp\/v2\/pages\/192\/revisions\/969"}],"wp:attachment":[{"href":"https:\/\/klaudy.cz\/en\/wp-json\/wp\/v2\/media?parent=192"}],"curies":[{"name":"wp","href":"https:\/\/api.w.org\/{rel}","templated":true}]}}