{"id":930,"date":"2023-10-04T07:07:39","date_gmt":"2023-10-04T05:07:39","guid":{"rendered":"https:\/\/klaudy.cz\/?page_id=930"},"modified":"2023-10-04T07:07:39","modified_gmt":"2023-10-04T05:07:39","slug":"cookies","status":"publish","type":"page","link":"https:\/\/klaudy.cz\/en\/cookies\/","title":{"rendered":"Cookies"},"content":{"rendered":"<h1 class=\"wp-block-heading\">CO JSOU TO SOUBORY COOKIES A OBDOBN\u00c9 TECHNOLOGIE?<\/h1>\r\n<div class=\"the_content\">\r\n<p>Cookies si p\u0159edstavte jako mal\u00e9 mno\u017estv\u00ed dat, kter\u00e9 se ukl\u00e1d\u00e1 do va\u0161eho za\u0159\u00edzen\u00ed. P\u0159i ka\u017ed\u00e9 dal\u0161\u00ed n\u00e1v\u0161t\u011bv\u011b dojde k odesl\u00e1n\u00ed t\u011bchto informac\u00ed na\u0161emu serveru. My z t\u011bchto dat zjist\u00edme r\u016fzn\u00e9 informace, kter\u00e9 d\u00e1le vyu\u017e\u00edv\u00e1me tak, jak se do\u010dtete d\u00e1le. O ka\u017ed\u00e9m takov\u00e9m vyu\u017eit\u00ed v\u00e1m d\u00e1v\u00e1me v\u017edy v\u011bd\u011bt. Pro usnadn\u011bn\u00ed o nich budeme v\u017edycky mluvit jako o cookies. N\u011bkdy je z\u00edsk\u00e1v\u00e1n\u00ed takov\u00fdchto informac\u00ed opravdu nutn\u00e9, proto\u017ee jinak by zobrazov\u00e1n\u00ed webu nefungovalo tak, jak m\u00e1. Vyu\u017e\u00edv\u00e1n\u00ed t\u011bchto cookies proto nejde omezit. V ostatn\u00edch p\u0159\u00edpadech se ale m\u016f\u017eete rozhodnout, jestli o jejich pou\u017eit\u00ed opravdu stoj\u00edte. Samoz\u0159ejm\u011b plat\u00ed, \u017ee sv\u00e9 rozhodnut\u00ed m\u016f\u017eete kdykoliv zm\u011bnit a podle toho nastaven\u00ed upravit.\u00a0<\/p>\r\n<p><b>Na\u0161e webov\u00e9 str\u00e1nky\u00a0<\/b><\/p>\r\n<p>Webov\u00e1 str\u00e1nka klaudy.cz ukl\u00e1d\u00e1 n\u011bkolik druh\u016f cookies, a to z r\u016fzn\u00fdch d\u016fvod\u016f. N\u00ed\u017ee se dozv\u00edte, co kter\u00e1 skupina znamen\u00e1.\u00a0<\/p>\r\n<p>Prvn\u00ed skupinou jsou takzvan\u00e9 <b>nezbytn\u00e9 cookies<\/b>. D\u00edky nim se webov\u00e9 str\u00e1nky na\u010d\u00edtaj\u00ed rovnom\u011brn\u011b, \u00fadaje zadan\u00e9 do formul\u00e1\u0159\u016f se zobraz\u00ed i na dal\u0161\u00ed str\u00e1nce a nemus\u00edte je vypl\u0148ovat znova.\u00a0<\/p>\r\n<p>Dal\u0161\u00ed skupinou jsou <b>analytick\u00e9 cookies<\/b>. Ty n\u00e1m pom\u00e1haj\u00ed zjistit, co by bylo dobr\u00e9 na webu zlep\u0161it. Podle v\u00fdsledk\u016f pak uprav\u00edme str\u00e1nky tak, aby pro v\u00e1s byly pohodln\u011bj\u0161\u00ed.\u00a0<\/p>\r\n<p>Pak sb\u00edr\u00e1me je\u0161t\u011b <b>marketingov\u00e9 cookies<\/b>. Slou\u017e\u00ed k tomu, abychom v\u011bd\u011bli, co v\u00e1s zrovna zaj\u00edm\u00e1, a mohli v\u00e1m tak p\u0159ipravit nab\u00eddku u\u0161itou na m\u00edru.<\/p>\r\n<p><strong>Ing. Ale\u0161 Klaudy\u00a0<br \/><\/strong><\/p>\r\n<\/div>","protected":false},"excerpt":{"rendered":"<p>CO JSOU TO SOUBORY COOKIES A OBDOBN\u00c9 TECHNOLOGIE? Cookies si p\u0159edstavte jako mal\u00e9 mno\u017estv\u00ed dat, kter\u00e9 se ukl\u00e1d\u00e1 do va\u0161eho za\u0159\u00edzen\u00ed. P\u0159i ka\u017ed\u00e9 dal\u0161\u00ed n\u00e1v\u0161t\u011bv\u011b dojde k odesl\u00e1n\u00ed t\u011bchto informac\u00ed na\u0161emu serveru. My z t\u011bchto dat zjist\u00edme r\u016fzn\u00e9 informace, kter\u00e9 d\u00e1le vyu\u017e\u00edv\u00e1me tak, jak se do\u010dtete d\u00e1le. O ka\u017ed\u00e9m takov\u00e9m vyu\u017eit\u00ed v\u00e1m d\u00e1v\u00e1me v\u017edy v\u011bd\u011bt. [&hellip;]<\/p>","protected":false},"author":4,"featured_media":0,"parent":0,"menu_order":0,"comment_status":"closed","ping_status":"closed","template":"","meta":{"footnotes":""},"acf":[],"_links":{"self":[{"href":"https:\/\/klaudy.cz\/en\/wp-json\/wp\/v2\/pages\/930"}],"collection":[{"href":"https:\/\/klaudy.cz\/en\/wp-json\/wp\/v2\/pages"}],"about":[{"href":"https:\/\/klaudy.cz\/en\/wp-json\/wp\/v2\/types\/page"}],"author":[{"embeddable":true,"href":"https:\/\/klaudy.cz\/en\/wp-json\/wp\/v2\/users\/4"}],"replies":[{"embeddable":true,"href":"https:\/\/klaudy.cz\/en\/wp-json\/wp\/v2\/comments?post=930"}],"version-history":[{"count":1,"href":"https:\/\/klaudy.cz\/en\/wp-json\/wp\/v2\/pages\/930\/revisions"}],"predecessor-version":[{"id":932,"href":"https:\/\/klaudy.cz\/en\/wp-json\/wp\/v2\/pages\/930\/revisions\/932"}],"wp:attachment":[{"href":"https:\/\/klaudy.cz\/en\/wp-json\/wp\/v2\/media?parent=930"}],"curies":[{"name":"wp","href":"https:\/\/api.w.org\/{rel}","templated":true}]}}